	{"id":82,"date":"2022-06-21T10:11:40","date_gmt":"2022-06-21T10:11:40","guid":{"rendered":"https:\/\/temausal2022.usal.es\/?page_id=82"},"modified":"2022-07-04T06:55:12","modified_gmt":"2022-07-04T06:55:12","slug":"configuracion_del_tema_usal2022","status":"publish","type":"page","link":"https:\/\/temausal2022.usal.es\/en\/configuracion_del_tema_usal2022\/","title":{"rendered":"(Espa\u00f1ol) Configuraci\u00f3n y personalizaci\u00f3n del tema Usal2022"},"content":{"rendered":"<p class=\"qtranxs-available-languages-message qtranxs-available-languages-message-en\">Sorry, this entry is only available in <a href=\"https:\/\/temausal2022.usal.es\/es\/wp-json\/wp\/v2\/pages\/82\" class=\"qtranxs-available-language-link qtranxs-available-language-link-es\" title=\"Espa\u00f1ol\">Espa\u00f1ol<\/a>.<\/p>","protected":false},"excerpt":{"rendered":"<p>Sorry, this entry is only available in Espa\u00f1ol.<\/p>\n","protected":false},"author":1,"featured_media":0,"parent":0,"menu_order":0,"comment_status":"closed","ping_status":"closed","template":"","meta":{"footnotes":""},"class_list":["post-82","page","type-page","status-publish","hentry"],"aioseo_notices":[],"_links":{"self":[{"href":"https:\/\/temausal2022.usal.es\/en\/wp-json\/wp\/v2\/pages\/82","targetHints":{"allow":["GET"]}}],"collection":[{"href":"https:\/\/temausal2022.usal.es\/en\/wp-json\/wp\/v2\/pages"}],"about":[{"href":"https:\/\/temausal2022.usal.es\/en\/wp-json\/wp\/v2\/types\/page"}],"author":[{"embeddable":true,"href":"https:\/\/temausal2022.usal.es\/en\/wp-json\/wp\/v2\/users\/1"}],"replies":[{"embeddable":true,"href":"https:\/\/temausal2022.usal.es\/en\/wp-json\/wp\/v2\/comments?post=82"}],"version-history":[{"count":12,"href":"https:\/\/temausal2022.usal.es\/en\/wp-json\/wp\/v2\/pages\/82\/revisions"}],"predecessor-version":[{"id":263,"href":"https:\/\/temausal2022.usal.es\/en\/wp-json\/wp\/v2\/pages\/82\/revisions\/263"}],"wp:attachment":[{"href":"https:\/\/temausal2022.usal.es\/en\/wp-json\/wp\/v2\/media?parent=82"}],"curies":[{"name":"wp","href":"https:\/\/api.w.org\/{rel}","templated":true}]}}